{"id":43,"date":"2019-04-03T10:51:36","date_gmt":"2019-04-03T08:51:36","guid":{"rendered":"http:\/\/95.216.9.253\/~refresh\/?page_id=43"},"modified":"2024-01-27T16:17:07","modified_gmt":"2024-01-27T15:17:07","slug":"individualne-konzultacie","status":"publish","type":"page","link":"https:\/\/refreshed.sk\/index.php\/individualne-konzultacie\/","title":{"rendered":"Individu\u00e1lne konzult\u00e1cie"},"content":{"rendered":"\n<p>C\u00edtite, \u017ee sa V\u00e1s vyhorenie t\u00fdka? <br>Chcete tak\u00fato konzult\u00e1ciu odporu\u010di\u0165 svojim zamestnancom, \u010di bl\u00edzkym?<br>Objednajte si individu\u00e1lnu konzult\u00e1ciu. <\/p>\n\n\n\n<figure class=\"wp-block-image\"><img loading=\"lazy\" decoding=\"async\" width=\"1024\" height=\"317\" src=\"https:\/\/refreshed.sk\/wp-content\/uploads\/2019\/04\/komunikovat-1-1024x317.png\" alt=\"\" class=\"wp-image-268\" srcset=\"https:\/\/refreshed.sk\/wp-content\/uploads\/2019\/04\/komunikovat-1-1024x317.png 1024w, https:\/\/refreshed.sk\/wp-content\/uploads\/2019\/04\/komunikovat-1-300x93.png 300w, https:\/\/refreshed.sk\/wp-content\/uploads\/2019\/04\/komunikovat-1-768x238.png 768w, https:\/\/refreshed.sk\/wp-content\/uploads\/2019\/04\/komunikovat-1.png 1200w\" sizes=\"(max-width: 1024px) 100vw, 1024px\" \/><\/figure>\n\n\n\n<h3 class=\"wp-block-heading\">Osobne<\/h3>\n\n\n\n<h4 class=\"wp-block-heading\">&#8211; Bratislava (Vl\u010dkova 8\/A)<\/h4>\n\n\n\n<p>Cena za jedno sedenie (cca 50 min\u00fat) je 60 \u20ac <\/p>\n\n\n\n<h4 class=\"wp-block-heading\"><br> &#8211; Bansk\u00e1 \u0160tiavnica (Doln\u00e1 2) <\/h4>\n\n\n\n<p>Cena za jedno sedenie (cca 50 min\u00fat) je 50 \u20ac  <\/p>\n\n\n\n<p><br><\/p>\n\n\n\n<h3 class=\"wp-block-heading\">Online<\/h3>\n\n\n\n<h4 class=\"wp-block-heading\"> &#8211; Skype, Zoom, Messenger&#8230;<\/h4>\n\n\n\n<p>Cena jednej online konzult\u00e1cie  (cca 50 min\u00fat)  je 50 \u20ac<\/p>\n\n\n\n<div class=\"wp-block-button\"><a class=\"wp-block-button__link\" href=\"https:\/\/refreshed.sk\/index.php\/kontakt\/\">kontaktujte ma<\/a><\/div>\n","protected":false},"excerpt":{"rendered":"<p>C\u00edtite, \u017ee sa V\u00e1s vyhorenie t\u00fdka? Chcete tak\u00fato konzult\u00e1ciu odporu\u010di\u0165 svojim zamestnancom, \u010di bl\u00edzkym?Objednajte si individu\u00e1lnu konzult\u00e1ciu. Osobne &#8211; Bratislava (Vl\u010dkova 8\/A) Cena za jedno sedenie (cca 50 min\u00fat) je 60 \u20ac &#8211; Bansk\u00e1 \u0160tiavnica (Doln\u00e1 2) Cena za jedno sedenie (cca 50 min\u00fat) je 50 \u20ac Online &#8211; Skype, Zoom, Messenger&#8230; Cena jednej online [&hellip;]<\/p>\n","protected":false},"author":1,"featured_media":0,"parent":0,"menu_order":0,"comment_status":"closed","ping_status":"closed","template":"","meta":{"footnotes":""},"_links":{"self":[{"href":"https:\/\/refreshed.sk\/index.php\/wp-json\/wp\/v2\/pages\/43"}],"collection":[{"href":"https:\/\/refreshed.sk\/index.php\/wp-json\/wp\/v2\/pages"}],"about":[{"href":"https:\/\/refreshed.sk\/index.php\/wp-json\/wp\/v2\/types\/page"}],"author":[{"embeddable":true,"href":"https:\/\/refreshed.sk\/index.php\/wp-json\/wp\/v2\/users\/1"}],"replies":[{"embeddable":true,"href":"https:\/\/refreshed.sk\/index.php\/wp-json\/wp\/v2\/comments?post=43"}],"version-history":[{"count":24,"href":"https:\/\/refreshed.sk\/index.php\/wp-json\/wp\/v2\/pages\/43\/revisions"}],"predecessor-version":[{"id":7294,"href":"https:\/\/refreshed.sk\/index.php\/wp-json\/wp\/v2\/pages\/43\/revisions\/7294"}],"wp:attachment":[{"href":"https:\/\/refreshed.sk\/index.php\/wp-json\/wp\/v2\/media?parent=43"}],"curies":[{"name":"wp","href":"https:\/\/api.w.org\/{rel}","templated":true}]}}